{"id":42,"date":"2019-05-25T10:54:45","date_gmt":"2019-05-25T08:54:45","guid":{"rendered":"http:\/\/kulturfrau.w4f.eu\/wp1\/?page_id=42"},"modified":"2025-12-01T15:02:59","modified_gmt":"2025-12-01T14:02:59","slug":"programmvorschau-folge-trimester","status":"publish","type":"page","link":"http:\/\/frau-und-kultur-giessen.w4f.eu\/wordpress\/unser-programm\/programmvorschau-folge-trimester\/","title":{"rendered":"Fahrten und Besichtigungen"},"content":{"rendered":"\n<div class=\"wp-block-media-text alignwide\" style=\"grid-template-columns:17% auto\"><figure class=\"wp-block-media-text__media\"><img loading=\"lazy\" decoding=\"async\" width=\"142\" height=\"84\" src=\"http:\/\/frau-und-kultur-giessen.w4f.eu\/wordpress\/wp-content\/uploads\/2024\/06\/grafik-1.png\" alt=\"\" class=\"wp-image-3864 size-full\"\/><\/figure><div class=\"wp-block-media-text__content\">\n<p class=\"has-normal-font-size\">Au\u00dfer den Mitgliedern k\u00f6nnen auch deren Verwandte\/ Bekannte mitreisen, sofern noch Pl\u00e4tze verf\u00fcgbar sind. F\u00fcr diese erheben wir einen Aufschlag von 5,00 Euro. Sommerfest und Weihnachtsfeier sind ausschlie\u00dflich f\u00fcr Mitglieder vorgesehen.<\/p>\n<\/div><\/div>\n\n\n\n<p><mark style=\"background-color:rgba(0, 0, 0, 0)\" class=\"has-inline-color has-black-color\"><strong>Unsere Busfahrten starten vom &#8222;Rentnerbahnhof&#8220;, Ostanlage gegen\u00fcber Kinopolis<\/strong>,<\/mark> <strong>sofern nichts anderes angegeben ist.<\/strong><\/p>\n\n\n\n<div data-wp-interactive=\"core\/file\" class=\"wp-block-file\"><object data-wp-bind--hidden=\"!state.hasPdfPreview\" hidden class=\"wp-block-file__embed\" data=\"http:\/\/frau-und-kultur-giessen.w4f.eu\/wordpress\/wp-content\/uploads\/2025\/12\/Fahrten-1.-Halbjahr-2026-1.pdf\" type=\"application\/pdf\" style=\"width:100%;height:600px\" aria-label=\"Einbettung von Fahrten 1. Halbjahr 2026.\"><\/object><a id=\"wp-block-file--media-3de2a85d-0c8b-4096-af4e-433d02afc73b\" href=\"http:\/\/frau-und-kultur-giessen.w4f.eu\/wordpress\/wp-content\/uploads\/2025\/12\/Fahrten-1.-Halbjahr-2026-1.pdf\">Fahrten 1. Halbjahr 2026<\/a><a href=\"http:\/\/frau-und-kultur-giessen.w4f.eu\/wordpress\/wp-content\/uploads\/2025\/12\/Fahrten-1.-Halbjahr-2026-1.pdf\" class=\"wp-block-file__button wp-element-button\" download aria-describedby=\"wp-block-file--media-3de2a85d-0c8b-4096-af4e-433d02afc73b\">Herunterladen<\/a><\/div>\n\n\n\n<p><\/p>\n","protected":false},"excerpt":{"rendered":"<p>Au\u00dfer den Mitgliedern k\u00f6nnen auch deren Verwandte\/ Bekannte mitreisen, sofern noch Pl\u00e4tze verf\u00fcgbar sind. F\u00fcr diese erheben wir einen Aufschlag von 5,00 Euro. Sommerfest und Weihnachtsfeier sind ausschlie\u00dflich f\u00fcr Mitglieder vorgesehen. Unsere Busfahrten starten vom &#8222;Rentnerbahnhof&#8220;, Ostanlage gegen\u00fcber Kinopolis, sofern nichts anderes angegeben ist.<\/p>\n","protected":false},"author":1,"featured_media":0,"parent":32,"menu_order":0,"comment_status":"closed","ping_status":"closed","template":"","meta":{"footnotes":""},"class_list":["post-42","page","type-page","status-publish","hentry"],"yoast_head":"<!-- This site is optimized with the Yoast SEO plugin v27.3 - https:\/\/yoast.com\/product\/yoast-seo-wordpress\/ -->\n<title>Fahrten und Besichtigungen | Frau und Kultur<\/title>\n<meta name=\"description\" content=\"Frau und Kultur Gruppe Gie\u00dfen\" \/>\n<meta name=\"robots\" content=\"index, follow, max-snippet:-1, max-image-preview:large, max-video-preview:-1\" \/>\n<link rel=\"canonical\" href=\"http:\/\/frau-und-kultur-giessen.w4f.eu\/wordpress\/unser-programm\/programmvorschau-folge-trimester\/\" \/>\n<meta property=\"og:locale\" content=\"de_DE\" \/>\n<meta property=\"og:type\" content=\"article\" \/>\n<meta property=\"og:title\" content=\"Fahrten und Besichtigungen | Frau und Kultur\" \/>\n<meta property=\"og:description\" content=\"Frau und Kultur Gruppe Gie\u00dfen\" \/>\n<meta property=\"og:url\" content=\"http:\/\/frau-und-kultur-giessen.w4f.eu\/wordpress\/unser-programm\/programmvorschau-folge-trimester\/\" \/>\n<meta property=\"og:site_name\" content=\"Frau und Kultur\" \/>\n<meta property=\"article:modified_time\" content=\"2025-12-01T14:02:59+00:00\" \/>\n<meta property=\"og:image\" content=\"http:\/\/frau-und-kultur-giessen.w4f.eu\/wordpress\/wp-content\/uploads\/2024\/06\/grafik-1.png\" \/>\n\t<meta property=\"og:image:width\" content=\"142\" \/>\n\t<meta property=\"og:image:height\" content=\"84\" \/>\n\t<meta property=\"og:image:type\" content=\"image\/png\" \/>\n<meta name=\"twitter:card\" content=\"summary_large_image\" \/>\n<meta name=\"twitter:label1\" content=\"Gesch\u00e4tzte Lesezeit\" \/>\n\t<meta name=\"twitter:data1\" content=\"1\u00a0Minute\" \/>\n<script type=\"application\/ld+json\" class=\"yoast-schema-graph\">{\"@context\":\"https:\\\/\\\/schema.org\",\"@graph\":[{\"@type\":\"WebPage\",\"@id\":\"http:\\\/\\\/frau-und-kultur-giessen.w4f.eu\\\/wordpress\\\/unser-programm\\\/programmvorschau-folge-trimester\\\/\",\"url\":\"http:\\\/\\\/frau-und-kultur-giessen.w4f.eu\\\/wordpress\\\/unser-programm\\\/programmvorschau-folge-trimester\\\/\",\"name\":\"Fahrten und Besichtigungen | Frau und Kultur\",\"isPartOf\":{\"@id\":\"http:\\\/\\\/frau-und-kultur-giessen.w4f.eu\\\/wordpress\\\/#website\"},\"primaryImageOfPage\":{\"@id\":\"http:\\\/\\\/frau-und-kultur-giessen.w4f.eu\\\/wordpress\\\/unser-programm\\\/programmvorschau-folge-trimester\\\/#primaryimage\"},\"image\":{\"@id\":\"http:\\\/\\\/frau-und-kultur-giessen.w4f.eu\\\/wordpress\\\/unser-programm\\\/programmvorschau-folge-trimester\\\/#primaryimage\"},\"thumbnailUrl\":\"http:\\\/\\\/frau-und-kultur-giessen.w4f.eu\\\/wordpress\\\/wp-content\\\/uploads\\\/2024\\\/06\\\/grafik-1.png\",\"datePublished\":\"2019-05-25T08:54:45+00:00\",\"dateModified\":\"2025-12-01T14:02:59+00:00\",\"description\":\"Frau und Kultur Gruppe Gie\u00dfen\",\"breadcrumb\":{\"@id\":\"http:\\\/\\\/frau-und-kultur-giessen.w4f.eu\\\/wordpress\\\/unser-programm\\\/programmvorschau-folge-trimester\\\/#breadcrumb\"},\"inLanguage\":\"de\",\"potentialAction\":[{\"@type\":\"ReadAction\",\"target\":[\"http:\\\/\\\/frau-und-kultur-giessen.w4f.eu\\\/wordpress\\\/unser-programm\\\/programmvorschau-folge-trimester\\\/\"]}]},{\"@type\":\"ImageObject\",\"inLanguage\":\"de\",\"@id\":\"http:\\\/\\\/frau-und-kultur-giessen.w4f.eu\\\/wordpress\\\/unser-programm\\\/programmvorschau-folge-trimester\\\/#primaryimage\",\"url\":\"http:\\\/\\\/frau-und-kultur-giessen.w4f.eu\\\/wordpress\\\/wp-content\\\/uploads\\\/2024\\\/06\\\/grafik-1.png\",\"contentUrl\":\"http:\\\/\\\/frau-und-kultur-giessen.w4f.eu\\\/wordpress\\\/wp-content\\\/uploads\\\/2024\\\/06\\\/grafik-1.png\",\"width\":142,\"height\":84,\"caption\":\"Mitglied kann jede Person werden, seit 2018 somit auch jeder Mann, die die wichtigsten Ziele des Verbandes anerkennt und unterst\u00fctzt.\"},{\"@type\":\"BreadcrumbList\",\"@id\":\"http:\\\/\\\/frau-und-kultur-giessen.w4f.eu\\\/wordpress\\\/unser-programm\\\/programmvorschau-folge-trimester\\\/#breadcrumb\",\"itemListElement\":[{\"@type\":\"ListItem\",\"position\":1,\"name\":\"Startseite\",\"item\":\"http:\\\/\\\/frau-und-kultur-giessen.w4f.eu\\\/wordpress\\\/\"},{\"@type\":\"ListItem\",\"position\":2,\"name\":\"Unser Programm\",\"item\":\"http:\\\/\\\/frau-und-kultur-giessen.w4f.eu\\\/wordpress\\\/unser-programm\\\/\"},{\"@type\":\"ListItem\",\"position\":3,\"name\":\"Fahrten und Besichtigungen\"}]},{\"@type\":\"WebSite\",\"@id\":\"http:\\\/\\\/frau-und-kultur-giessen.w4f.eu\\\/wordpress\\\/#website\",\"url\":\"http:\\\/\\\/frau-und-kultur-giessen.w4f.eu\\\/wordpress\\\/\",\"name\":\"Deutscher Verband Frau und Kultur\",\"description\":\"Gruppe Gie\u00dfen e.V.\",\"publisher\":{\"@id\":\"http:\\\/\\\/frau-und-kultur-giessen.w4f.eu\\\/wordpress\\\/#organization\"},\"potentialAction\":[{\"@type\":\"SearchAction\",\"target\":{\"@type\":\"EntryPoint\",\"urlTemplate\":\"http:\\\/\\\/frau-und-kultur-giessen.w4f.eu\\\/wordpress\\\/?s={search_term_string}\"},\"query-input\":{\"@type\":\"PropertyValueSpecification\",\"valueRequired\":true,\"valueName\":\"search_term_string\"}}],\"inLanguage\":\"de\"},{\"@type\":\"Organization\",\"@id\":\"http:\\\/\\\/frau-und-kultur-giessen.w4f.eu\\\/wordpress\\\/#organization\",\"name\":\"Frau und Kultur Gie\u00dfen\",\"url\":\"http:\\\/\\\/frau-und-kultur-giessen.w4f.eu\\\/wordpress\\\/\",\"logo\":{\"@type\":\"ImageObject\",\"inLanguage\":\"de\",\"@id\":\"http:\\\/\\\/frau-und-kultur-giessen.w4f.eu\\\/wordpress\\\/#\\\/schema\\\/logo\\\/image\\\/\",\"url\":\"\",\"contentUrl\":\"\",\"caption\":\"Frau und Kultur Gie\u00dfen\"},\"image\":{\"@id\":\"http:\\\/\\\/frau-und-kultur-giessen.w4f.eu\\\/wordpress\\\/#\\\/schema\\\/logo\\\/image\\\/\"}}]}<\/script>\n<!-- \/ Yoast SEO plugin. -->","yoast_head_json":{"title":"Fahrten und Besichtigungen | Frau und Kultur","description":"Frau und Kultur Gruppe Gie\u00dfen","robots":{"index":"index","follow":"follow","max-snippet":"max-snippet:-1","max-image-preview":"max-image-preview:large","max-video-preview":"max-video-preview:-1"},"canonical":"http:\/\/frau-und-kultur-giessen.w4f.eu\/wordpress\/unser-programm\/programmvorschau-folge-trimester\/","og_locale":"de_DE","og_type":"article","og_title":"Fahrten und Besichtigungen | Frau und Kultur","og_description":"Frau und Kultur Gruppe Gie\u00dfen","og_url":"http:\/\/frau-und-kultur-giessen.w4f.eu\/wordpress\/unser-programm\/programmvorschau-folge-trimester\/","og_site_name":"Frau und Kultur","article_modified_time":"2025-12-01T14:02:59+00:00","og_image":[{"width":142,"height":84,"url":"http:\/\/frau-und-kultur-giessen.w4f.eu\/wordpress\/wp-content\/uploads\/2024\/06\/grafik-1.png","type":"image\/png"}],"twitter_card":"summary_large_image","twitter_misc":{"Gesch\u00e4tzte Lesezeit":"1\u00a0Minute"},"schema":{"@context":"https:\/\/schema.org","@graph":[{"@type":"WebPage","@id":"http:\/\/frau-und-kultur-giessen.w4f.eu\/wordpress\/unser-programm\/programmvorschau-folge-trimester\/","url":"http:\/\/frau-und-kultur-giessen.w4f.eu\/wordpress\/unser-programm\/programmvorschau-folge-trimester\/","name":"Fahrten und Besichtigungen | Frau und Kultur","isPartOf":{"@id":"http:\/\/frau-und-kultur-giessen.w4f.eu\/wordpress\/#website"},"primaryImageOfPage":{"@id":"http:\/\/frau-und-kultur-giessen.w4f.eu\/wordpress\/unser-programm\/programmvorschau-folge-trimester\/#primaryimage"},"image":{"@id":"http:\/\/frau-und-kultur-giessen.w4f.eu\/wordpress\/unser-programm\/programmvorschau-folge-trimester\/#primaryimage"},"thumbnailUrl":"http:\/\/frau-und-kultur-giessen.w4f.eu\/wordpress\/wp-content\/uploads\/2024\/06\/grafik-1.png","datePublished":"2019-05-25T08:54:45+00:00","dateModified":"2025-12-01T14:02:59+00:00","description":"Frau und Kultur Gruppe Gie\u00dfen","breadcrumb":{"@id":"http:\/\/frau-und-kultur-giessen.w4f.eu\/wordpress\/unser-programm\/programmvorschau-folge-trimester\/#breadcrumb"},"inLanguage":"de","potentialAction":[{"@type":"ReadAction","target":["http:\/\/frau-und-kultur-giessen.w4f.eu\/wordpress\/unser-programm\/programmvorschau-folge-trimester\/"]}]},{"@type":"ImageObject","inLanguage":"de","@id":"http:\/\/frau-und-kultur-giessen.w4f.eu\/wordpress\/unser-programm\/programmvorschau-folge-trimester\/#primaryimage","url":"http:\/\/frau-und-kultur-giessen.w4f.eu\/wordpress\/wp-content\/uploads\/2024\/06\/grafik-1.png","contentUrl":"http:\/\/frau-und-kultur-giessen.w4f.eu\/wordpress\/wp-content\/uploads\/2024\/06\/grafik-1.png","width":142,"height":84,"caption":"Mitglied kann jede Person werden, seit 2018 somit auch jeder Mann, die die wichtigsten Ziele des Verbandes anerkennt und unterst\u00fctzt."},{"@type":"BreadcrumbList","@id":"http:\/\/frau-und-kultur-giessen.w4f.eu\/wordpress\/unser-programm\/programmvorschau-folge-trimester\/#breadcrumb","itemListElement":[{"@type":"ListItem","position":1,"name":"Startseite","item":"http:\/\/frau-und-kultur-giessen.w4f.eu\/wordpress\/"},{"@type":"ListItem","position":2,"name":"Unser Programm","item":"http:\/\/frau-und-kultur-giessen.w4f.eu\/wordpress\/unser-programm\/"},{"@type":"ListItem","position":3,"name":"Fahrten und Besichtigungen"}]},{"@type":"WebSite","@id":"http:\/\/frau-und-kultur-giessen.w4f.eu\/wordpress\/#website","url":"http:\/\/frau-und-kultur-giessen.w4f.eu\/wordpress\/","name":"Deutscher Verband Frau und Kultur","description":"Gruppe Gie\u00dfen e.V.","publisher":{"@id":"http:\/\/frau-und-kultur-giessen.w4f.eu\/wordpress\/#organization"},"potentialAction":[{"@type":"SearchAction","target":{"@type":"EntryPoint","urlTemplate":"http:\/\/frau-und-kultur-giessen.w4f.eu\/wordpress\/?s={search_term_string}"},"query-input":{"@type":"PropertyValueSpecification","valueRequired":true,"valueName":"search_term_string"}}],"inLanguage":"de"},{"@type":"Organization","@id":"http:\/\/frau-und-kultur-giessen.w4f.eu\/wordpress\/#organization","name":"Frau und Kultur Gie\u00dfen","url":"http:\/\/frau-und-kultur-giessen.w4f.eu\/wordpress\/","logo":{"@type":"ImageObject","inLanguage":"de","@id":"http:\/\/frau-und-kultur-giessen.w4f.eu\/wordpress\/#\/schema\/logo\/image\/","url":"","contentUrl":"","caption":"Frau und Kultur Gie\u00dfen"},"image":{"@id":"http:\/\/frau-und-kultur-giessen.w4f.eu\/wordpress\/#\/schema\/logo\/image\/"}}]}},"_links":{"self":[{"href":"http:\/\/frau-und-kultur-giessen.w4f.eu\/wordpress\/wp-json\/wp\/v2\/pages\/42","targetHints":{"allow":["GET"]}}],"collection":[{"href":"http:\/\/frau-und-kultur-giessen.w4f.eu\/wordpress\/wp-json\/wp\/v2\/pages"}],"about":[{"href":"http:\/\/frau-und-kultur-giessen.w4f.eu\/wordpress\/wp-json\/wp\/v2\/types\/page"}],"author":[{"embeddable":true,"href":"http:\/\/frau-und-kultur-giessen.w4f.eu\/wordpress\/wp-json\/wp\/v2\/users\/1"}],"replies":[{"embeddable":true,"href":"http:\/\/frau-und-kultur-giessen.w4f.eu\/wordpress\/wp-json\/wp\/v2\/comments?post=42"}],"version-history":[{"count":171,"href":"http:\/\/frau-und-kultur-giessen.w4f.eu\/wordpress\/wp-json\/wp\/v2\/pages\/42\/revisions"}],"predecessor-version":[{"id":4380,"href":"http:\/\/frau-und-kultur-giessen.w4f.eu\/wordpress\/wp-json\/wp\/v2\/pages\/42\/revisions\/4380"}],"up":[{"embeddable":true,"href":"http:\/\/frau-und-kultur-giessen.w4f.eu\/wordpress\/wp-json\/wp\/v2\/pages\/32"}],"wp:attachment":[{"href":"http:\/\/frau-und-kultur-giessen.w4f.eu\/wordpress\/wp-json\/wp\/v2\/media?parent=42"}],"curies":[{"name":"wp","href":"https:\/\/api.w.org\/{rel}","templated":true}]}}