{"id":325,"date":"2019-11-12T14:42:14","date_gmt":"2019-11-12T13:42:14","guid":{"rendered":"http:\/\/kulturfrau.w4f.eu\/wp1\/?page_id=325"},"modified":"2025-02-09T15:13:45","modified_gmt":"2025-02-09T14:13:45","slug":"willkommen","status":"publish","type":"page","link":"http:\/\/frau-und-kultur-giessen.w4f.eu\/wordpress\/","title":{"rendered":"Herzlich Willkommen"},"content":{"rendered":"\n<div class=\"wp-block-media-text alignwide is-stacked-on-mobile\" style=\"grid-template-columns:15% auto\"><figure class=\"wp-block-media-text__media\"><img loading=\"lazy\" decoding=\"async\" width=\"142\" height=\"84\" src=\"http:\/\/frau-und-kultur-giessen.w4f.eu\/wordpress\/wp-content\/uploads\/2024\/06\/grafik-1.png\" alt=\"\" class=\"wp-image-3864 size-full\"\/><\/figure><div class=\"wp-block-media-text__content\">\n<p><strong>Herzlich Willkommen auf unserer Homepage, auf der wir uns und unser Programm vorstellen wollen! <\/strong><\/p>\n<\/div><\/div>\n\n\n\n<p class=\"has-text-align-left has-medium-font-size\"><strong>Wir w\u00fcnschen Ihnen interessante und angenehme Stunden bei uns.<\/strong><\/p>\n\n\n\n<p class=\"has-text-align-left has-medium-font-size\"><strong>Was verbirgt sich hinter dem Namen <\/strong><br><strong>\u201eDeutscher Verband Frau und Kultur\u201c<\/strong>&nbsp;<strong>?<\/strong><\/p>\n\n\n\n<p>Wir sind ein traditionsreicher Frauenverband, der gemeinn\u00fctzig, \u00fcberparteilich und \u00fcberkonfessionell arbeitet und in 17 St\u00e4dten Deutschlands vertreten ist. Die vielseitige Bildung und Aktivierung der Frau auf kulturellem Gebiet, die F\u00f6rderung ihrer sch\u00f6pferischen F\u00e4higkeiten sowie die Verwirklichung ihrer Gleichstellung in Familie, Beruf und Gesellschaft geh\u00f6ren zu den wichtigsten Zielen des Verbandes.<\/p>\n\n\n\n<p><strong>Die Gie\u00dfener Gruppe<\/strong><\/p>\n\n\n\n<p>wurde 1926 gegr\u00fcndet. Sie ist Mitglied in verschiedenen frauenpolitischen und kulturellen Vereinigungen in Gie\u00dfen und f\u00f6rdert entsprechende Einrichtungen und Initiativen. Sie bietet Frauen und inzwischen auch M\u00e4nnern jeden Alters Vortr\u00e4ge, Arbeitskreise, Besichtigungen, Tagesfahrten und Studienreisen zur Information und Weiterbildung auf verschiedenen Gebieten der Kultur und zur Auseinandersetzung mit Problemen der Zeit.<\/p>\n\n\n\n<p>Seit vielen Jahrzehnten ist Frau und Kultur nicht aus dem kulturellen Angebot der Stadt Gie\u00dfen wegzudenken. <\/p>\n\n\n\n<p>Damit dies auch weiterhin so bleibt, bem\u00fcht sich unser Vorstandsteam, eine Mischung aus traditionellen und aktuellen Themen aus  Kunst, Literatur, Musik aber auch Naturwissenschaften und Gesellschaft anzubieten.<\/p>\n\n\n\n<p>Kommen Sie einfach einmal zum &#8222;Schnuppern&#8220; zu unseren \u00f6ffentlichen Vortr\u00e4gen, die an fast jedem Donnerstagnachmittag stattfinden. Wann, was und wo erfahren Sie auf unserer Seite &#8222;Unser Programm&#8220; &#8211; wir freuen auf Sie !<\/p>\n\n\n\n<p>\u00dcbrigens:    Seit 2018 sind auch M\u00e4nner als Gast oder Mitglied gerne gesehen.<\/p>\n\n\n\n<p class=\"has-text-align-center\"><\/p>\n\n\n\n<div class=\"wp-block-columns is-layout-flex wp-container-core-columns-is-layout-9d6595d7 wp-block-columns-is-layout-flex\">\n<div class=\"wp-block-column is-layout-flow wp-block-column-is-layout-flow\">\n<p> <strong>1. Vorsitzende:<\/strong> <br>Brigitte Sekula <br><br>Telefon: 06403 74851      <br>hbts.sekula@t-online.de                                          <\/p>\n<\/div>\n\n\n\n<div class=\"wp-block-column is-layout-flow wp-block-column-is-layout-flow\">\n<p><strong>2. Vorsitzende:<\/strong>   <br>Doris Schmieder<br><br>Telefon: 0641 25090988<br>doris@schmieder-giessen.de <\/p>\n<\/div>\n<\/div>\n\n\n\n<p><\/p>\n\n\n\n<p><\/p>\n\n\n\n<p><\/p>\n\n\n\n<p><\/p>\n\n\n\n<p>                            <br>                                               <\/p>\n\n\n\n<p><br><br><br><br><br><\/p>\n","protected":false},"excerpt":{"rendered":"<p>Herzlich Willkommen auf unserer Homepage, auf der wir uns und unser Programm vorstellen wollen! Wir w\u00fcnschen Ihnen interessante und angenehme Stunden bei uns. Was verbirgt sich hinter dem Namen \u201eDeutscher Verband Frau und Kultur\u201c&nbsp;? Wir sind ein traditionsreicher Frauenverband, der gemeinn\u00fctzig, \u00fcberparteilich und \u00fcberkonfessionell arbeitet und in 17 St\u00e4dten Deutschlands vertreten ist. Die vielseitige Bildung &hellip; <\/p>\n<p class=\"link-more\"><a href=\"http:\/\/frau-und-kultur-giessen.w4f.eu\/wordpress\/\" class=\"more-link\"><span class=\"screen-reader-text\">\u201eHerzlich Willkommen\u201c <\/span>weiterlesen<\/a><\/p>\n","protected":false},"author":1,"featured_media":4159,"parent":0,"menu_order":0,"comment_status":"closed","ping_status":"closed","template":"","meta":{"footnotes":""},"class_list":["post-325","page","type-page","status-publish","has-post-thumbnail","hentry"],"yoast_head":"<!-- This site is optimized with the Yoast SEO plugin v27.3 - https:\/\/yoast.com\/product\/yoast-seo-wordpress\/ -->\n<title>Herzlich Willkommen | Frau und Kultur<\/title>\n<meta name=\"description\" content=\"Frau und Kultur Gruppe Gie\u00dfen\" \/>\n<meta name=\"robots\" content=\"index, follow, max-snippet:-1, max-image-preview:large, max-video-preview:-1\" \/>\n<link rel=\"canonical\" href=\"http:\/\/frau-und-kultur-giessen.w4f.eu\/wordpress\/\" \/>\n<meta property=\"og:locale\" content=\"de_DE\" \/>\n<meta property=\"og:type\" content=\"article\" \/>\n<meta property=\"og:title\" content=\"Herzlich Willkommen | Frau und Kultur\" \/>\n<meta property=\"og:description\" content=\"Frau und Kultur Gruppe Gie\u00dfen\" \/>\n<meta property=\"og:url\" content=\"http:\/\/frau-und-kultur-giessen.w4f.eu\/wordpress\/\" \/>\n<meta property=\"og:site_name\" content=\"Frau und Kultur\" \/>\n<meta property=\"article:modified_time\" content=\"2025-02-09T14:13:45+00:00\" \/>\n<meta property=\"og:image\" content=\"http:\/\/frau-und-kultur-giessen.w4f.eu\/wordpress\/wp-content\/uploads\/2019\/11\/cropped-Altes-Schloss-Rueckansicht-scaled-1.jpg\" \/>\n\t<meta property=\"og:image:width\" content=\"1920\" \/>\n\t<meta property=\"og:image:height\" content=\"1434\" \/>\n\t<meta property=\"og:image:type\" content=\"image\/jpeg\" \/>\n<meta name=\"twitter:card\" content=\"summary_large_image\" \/>\n<meta name=\"twitter:label1\" content=\"Gesch\u00e4tzte Lesezeit\" \/>\n\t<meta name=\"twitter:data1\" content=\"2\u00a0Minuten\" \/>\n<script type=\"application\/ld+json\" class=\"yoast-schema-graph\">{\"@context\":\"https:\\\/\\\/schema.org\",\"@graph\":[{\"@type\":\"WebPage\",\"@id\":\"http:\\\/\\\/frau-und-kultur-giessen.w4f.eu\\\/wordpress\\\/\",\"url\":\"http:\\\/\\\/frau-und-kultur-giessen.w4f.eu\\\/wordpress\\\/\",\"name\":\"Herzlich Willkommen | Frau und Kultur\",\"isPartOf\":{\"@id\":\"http:\\\/\\\/frau-und-kultur-giessen.w4f.eu\\\/wordpress\\\/#website\"},\"primaryImageOfPage\":{\"@id\":\"http:\\\/\\\/frau-und-kultur-giessen.w4f.eu\\\/wordpress\\\/#primaryimage\"},\"image\":{\"@id\":\"http:\\\/\\\/frau-und-kultur-giessen.w4f.eu\\\/wordpress\\\/#primaryimage\"},\"thumbnailUrl\":\"http:\\\/\\\/frau-und-kultur-giessen.w4f.eu\\\/wordpress\\\/wp-content\\\/uploads\\\/2019\\\/11\\\/cropped-Altes-Schloss-Rueckansicht-scaled-1.jpg\",\"datePublished\":\"2019-11-12T13:42:14+00:00\",\"dateModified\":\"2025-02-09T14:13:45+00:00\",\"description\":\"Frau und Kultur Gruppe Gie\u00dfen\",\"breadcrumb\":{\"@id\":\"http:\\\/\\\/frau-und-kultur-giessen.w4f.eu\\\/wordpress\\\/#breadcrumb\"},\"inLanguage\":\"de\",\"potentialAction\":[{\"@type\":\"ReadAction\",\"target\":[\"http:\\\/\\\/frau-und-kultur-giessen.w4f.eu\\\/wordpress\\\/\"]}]},{\"@type\":\"ImageObject\",\"inLanguage\":\"de\",\"@id\":\"http:\\\/\\\/frau-und-kultur-giessen.w4f.eu\\\/wordpress\\\/#primaryimage\",\"url\":\"http:\\\/\\\/frau-und-kultur-giessen.w4f.eu\\\/wordpress\\\/wp-content\\\/uploads\\\/2019\\\/11\\\/cropped-Altes-Schloss-Rueckansicht-scaled-1.jpg\",\"contentUrl\":\"http:\\\/\\\/frau-und-kultur-giessen.w4f.eu\\\/wordpress\\\/wp-content\\\/uploads\\\/2019\\\/11\\\/cropped-Altes-Schloss-Rueckansicht-scaled-1.jpg\",\"width\":1920,\"height\":1434},{\"@type\":\"BreadcrumbList\",\"@id\":\"http:\\\/\\\/frau-und-kultur-giessen.w4f.eu\\\/wordpress\\\/#breadcrumb\",\"itemListElement\":[{\"@type\":\"ListItem\",\"position\":1,\"name\":\"Startseite\",\"item\":\"http:\\\/\\\/frau-und-kultur-giessen.w4f.eu\\\/wordpress\\\/\"},{\"@type\":\"ListItem\",\"position\":2,\"name\":\"Herzlich Willkommen\"}]},{\"@type\":\"WebSite\",\"@id\":\"http:\\\/\\\/frau-und-kultur-giessen.w4f.eu\\\/wordpress\\\/#website\",\"url\":\"http:\\\/\\\/frau-und-kultur-giessen.w4f.eu\\\/wordpress\\\/\",\"name\":\"Deutscher Verband Frau und Kultur\",\"description\":\"Gruppe Gie\u00dfen e.V.\",\"publisher\":{\"@id\":\"http:\\\/\\\/frau-und-kultur-giessen.w4f.eu\\\/wordpress\\\/#organization\"},\"potentialAction\":[{\"@type\":\"SearchAction\",\"target\":{\"@type\":\"EntryPoint\",\"urlTemplate\":\"http:\\\/\\\/frau-und-kultur-giessen.w4f.eu\\\/wordpress\\\/?s={search_term_string}\"},\"query-input\":{\"@type\":\"PropertyValueSpecification\",\"valueRequired\":true,\"valueName\":\"search_term_string\"}}],\"inLanguage\":\"de\"},{\"@type\":\"Organization\",\"@id\":\"http:\\\/\\\/frau-und-kultur-giessen.w4f.eu\\\/wordpress\\\/#organization\",\"name\":\"Frau und Kultur Gie\u00dfen\",\"url\":\"http:\\\/\\\/frau-und-kultur-giessen.w4f.eu\\\/wordpress\\\/\",\"logo\":{\"@type\":\"ImageObject\",\"inLanguage\":\"de\",\"@id\":\"http:\\\/\\\/frau-und-kultur-giessen.w4f.eu\\\/wordpress\\\/#\\\/schema\\\/logo\\\/image\\\/\",\"url\":\"\",\"contentUrl\":\"\",\"caption\":\"Frau und Kultur Gie\u00dfen\"},\"image\":{\"@id\":\"http:\\\/\\\/frau-und-kultur-giessen.w4f.eu\\\/wordpress\\\/#\\\/schema\\\/logo\\\/image\\\/\"}}]}<\/script>\n<!-- \/ Yoast SEO plugin. -->","yoast_head_json":{"title":"Herzlich Willkommen | Frau und Kultur","description":"Frau und Kultur Gruppe Gie\u00dfen","robots":{"index":"index","follow":"follow","max-snippet":"max-snippet:-1","max-image-preview":"max-image-preview:large","max-video-preview":"max-video-preview:-1"},"canonical":"http:\/\/frau-und-kultur-giessen.w4f.eu\/wordpress\/","og_locale":"de_DE","og_type":"article","og_title":"Herzlich Willkommen | Frau und Kultur","og_description":"Frau und Kultur Gruppe Gie\u00dfen","og_url":"http:\/\/frau-und-kultur-giessen.w4f.eu\/wordpress\/","og_site_name":"Frau und Kultur","article_modified_time":"2025-02-09T14:13:45+00:00","og_image":[{"width":1920,"height":1434,"url":"http:\/\/frau-und-kultur-giessen.w4f.eu\/wordpress\/wp-content\/uploads\/2019\/11\/cropped-Altes-Schloss-Rueckansicht-scaled-1.jpg","type":"image\/jpeg"}],"twitter_card":"summary_large_image","twitter_misc":{"Gesch\u00e4tzte Lesezeit":"2\u00a0Minuten"},"schema":{"@context":"https:\/\/schema.org","@graph":[{"@type":"WebPage","@id":"http:\/\/frau-und-kultur-giessen.w4f.eu\/wordpress\/","url":"http:\/\/frau-und-kultur-giessen.w4f.eu\/wordpress\/","name":"Herzlich Willkommen | Frau und Kultur","isPartOf":{"@id":"http:\/\/frau-und-kultur-giessen.w4f.eu\/wordpress\/#website"},"primaryImageOfPage":{"@id":"http:\/\/frau-und-kultur-giessen.w4f.eu\/wordpress\/#primaryimage"},"image":{"@id":"http:\/\/frau-und-kultur-giessen.w4f.eu\/wordpress\/#primaryimage"},"thumbnailUrl":"http:\/\/frau-und-kultur-giessen.w4f.eu\/wordpress\/wp-content\/uploads\/2019\/11\/cropped-Altes-Schloss-Rueckansicht-scaled-1.jpg","datePublished":"2019-11-12T13:42:14+00:00","dateModified":"2025-02-09T14:13:45+00:00","description":"Frau und Kultur Gruppe Gie\u00dfen","breadcrumb":{"@id":"http:\/\/frau-und-kultur-giessen.w4f.eu\/wordpress\/#breadcrumb"},"inLanguage":"de","potentialAction":[{"@type":"ReadAction","target":["http:\/\/frau-und-kultur-giessen.w4f.eu\/wordpress\/"]}]},{"@type":"ImageObject","inLanguage":"de","@id":"http:\/\/frau-und-kultur-giessen.w4f.eu\/wordpress\/#primaryimage","url":"http:\/\/frau-und-kultur-giessen.w4f.eu\/wordpress\/wp-content\/uploads\/2019\/11\/cropped-Altes-Schloss-Rueckansicht-scaled-1.jpg","contentUrl":"http:\/\/frau-und-kultur-giessen.w4f.eu\/wordpress\/wp-content\/uploads\/2019\/11\/cropped-Altes-Schloss-Rueckansicht-scaled-1.jpg","width":1920,"height":1434},{"@type":"BreadcrumbList","@id":"http:\/\/frau-und-kultur-giessen.w4f.eu\/wordpress\/#breadcrumb","itemListElement":[{"@type":"ListItem","position":1,"name":"Startseite","item":"http:\/\/frau-und-kultur-giessen.w4f.eu\/wordpress\/"},{"@type":"ListItem","position":2,"name":"Herzlich Willkommen"}]},{"@type":"WebSite","@id":"http:\/\/frau-und-kultur-giessen.w4f.eu\/wordpress\/#website","url":"http:\/\/frau-und-kultur-giessen.w4f.eu\/wordpress\/","name":"Deutscher Verband Frau und Kultur","description":"Gruppe Gie\u00dfen e.V.","publisher":{"@id":"http:\/\/frau-und-kultur-giessen.w4f.eu\/wordpress\/#organization"},"potentialAction":[{"@type":"SearchAction","target":{"@type":"EntryPoint","urlTemplate":"http:\/\/frau-und-kultur-giessen.w4f.eu\/wordpress\/?s={search_term_string}"},"query-input":{"@type":"PropertyValueSpecification","valueRequired":true,"valueName":"search_term_string"}}],"inLanguage":"de"},{"@type":"Organization","@id":"http:\/\/frau-und-kultur-giessen.w4f.eu\/wordpress\/#organization","name":"Frau und Kultur Gie\u00dfen","url":"http:\/\/frau-und-kultur-giessen.w4f.eu\/wordpress\/","logo":{"@type":"ImageObject","inLanguage":"de","@id":"http:\/\/frau-und-kultur-giessen.w4f.eu\/wordpress\/#\/schema\/logo\/image\/","url":"","contentUrl":"","caption":"Frau und Kultur Gie\u00dfen"},"image":{"@id":"http:\/\/frau-und-kultur-giessen.w4f.eu\/wordpress\/#\/schema\/logo\/image\/"}}]}},"_links":{"self":[{"href":"http:\/\/frau-und-kultur-giessen.w4f.eu\/wordpress\/wp-json\/wp\/v2\/pages\/325","targetHints":{"allow":["GET"]}}],"collection":[{"href":"http:\/\/frau-und-kultur-giessen.w4f.eu\/wordpress\/wp-json\/wp\/v2\/pages"}],"about":[{"href":"http:\/\/frau-und-kultur-giessen.w4f.eu\/wordpress\/wp-json\/wp\/v2\/types\/page"}],"author":[{"embeddable":true,"href":"http:\/\/frau-und-kultur-giessen.w4f.eu\/wordpress\/wp-json\/wp\/v2\/users\/1"}],"replies":[{"embeddable":true,"href":"http:\/\/frau-und-kultur-giessen.w4f.eu\/wordpress\/wp-json\/wp\/v2\/comments?post=325"}],"version-history":[{"count":165,"href":"http:\/\/frau-und-kultur-giessen.w4f.eu\/wordpress\/wp-json\/wp\/v2\/pages\/325\/revisions"}],"predecessor-version":[{"id":4178,"href":"http:\/\/frau-und-kultur-giessen.w4f.eu\/wordpress\/wp-json\/wp\/v2\/pages\/325\/revisions\/4178"}],"wp:featuredmedia":[{"embeddable":true,"href":"http:\/\/frau-und-kultur-giessen.w4f.eu\/wordpress\/wp-json\/wp\/v2\/media\/4159"}],"wp:attachment":[{"href":"http:\/\/frau-und-kultur-giessen.w4f.eu\/wordpress\/wp-json\/wp\/v2\/media?parent=325"}],"curies":[{"name":"wp","href":"https:\/\/api.w.org\/{rel}","templated":true}]}}