{"id":211,"date":"2019-11-05T13:02:04","date_gmt":"2019-11-05T12:02:04","guid":{"rendered":"http:\/\/kulturfrau.w4f.eu\/wp1\/?page_id=211"},"modified":"2025-02-09T16:48:09","modified_gmt":"2025-02-09T15:48:09","slug":"datenschutzerklaerung","status":"publish","type":"page","link":"http:\/\/frau-und-kultur-giessen.w4f.eu\/wordpress\/datenschutzerklaerung\/","title":{"rendered":"Datenschutzerkl\u00e4rung"},"content":{"rendered":"\n<div class=\"wp-block-media-text alignwide\" style=\"grid-template-columns:17% auto\"><figure class=\"wp-block-media-text__media\"><img loading=\"lazy\" decoding=\"async\" width=\"142\" height=\"84\" src=\"http:\/\/frau-und-kultur-giessen.w4f.eu\/wordpress\/wp-content\/uploads\/2024\/06\/grafik-1.png\" alt=\"\" class=\"wp-image-3864 size-full\"\/><\/figure><div class=\"wp-block-media-text__content\">\n<p class=\"has-normal-font-size\">  <strong>Gem\u00e4\u00df Artikel 13 Abs. 1 und Abs. 2 der Datenschutzgrundverordnung (DS-GVO) weisen wir Sie auf folgendes hin:<\/strong>   <\/p>\n<\/div><\/div>\n\n\n\n<ul class=\"wp-block-list\">\n<li>Verantwortlich f\u00fcr den Datenschutz ist die\/der 1. Vorsitzende.<\/li>\n<\/ul>\n\n\n\n<ul class=\"wp-block-list\">\n<li>Zwecke und Rechtsgrundlage der Verarbeitung:<\/li>\n<\/ul>\n\n\n\n<p>Die Rechtsgrundlage f\u00fcr die Verarbeitung Ihrer Daten ist <br>                                                   Art. 6 Abs. lit. b)DS-GVO.  <br>Wir erheben Ihre personenbezogenen Daten grunds\u00e4tzlich im Rahmen des Erwerbs der Mitgliedschaft und speichern und verarbeiten Ihre Daten nur f\u00fcr Vereinszwecke:<\/p>\n\n\n\n<ul class=\"wp-block-list\">\n<li>Verwaltung der Mitglieder<\/li>\n\n\n\n<li>Einzug der Mitgliedsbeitr\u00e4ge per Lastschrift (ausschlie\u00dflich bei freiwilliger Angabe der Bankverbindung bei Vorliegen der schriftlichen Einzugserm\u00e4chtigung)<\/li>\n\n\n\n<li>Einladungen zu Mitgliederversammlungen<\/li>\n\n\n\n<li>Einladungen zu Veranstaltungen<\/li>\n\n\n\n<li>Information \u00fcber das Vereinsprogramm<\/li>\n\n\n\n<li>Zusendung der Verbandszeitschrift<\/li>\n\n\n\n<li>Schriftverkehr im Rahmen der Kassenf\u00fchrung (Spendenbescheinigung, Zahlungserinnerung, Kontoabstimmung usw.)<\/li>\n\n\n\n<li>Organisation von Reisen <\/li>\n\n\n\n<li>Empf\u00e4nger der personenbezogenen Daten<\/li>\n<\/ul>\n\n\n\n<p>Wir geben Ihre Daten (Namen, Vornamen und Adresse und zweckbezogene freiwillige Angaben im Mitgliedsantrag) an den Bundesverband Frau und Kultur e.V. weiter zwecks Zusendung der Verbandszeitschrift sowie ggf. bei Reisen an Hotels und Reiseunternehmen. <\/p>\n\n\n\n<p>Es erfolgt keine Ver\u00f6ffentlichung auf der Internetseite des Vereins mit Ausnahme der Kontaktdaten der\/des 1. und 2. Vorsitzenden einschlie\u00dflich Foto mit deren\/dessen Zustimmung. <\/p>\n\n\n\n<p>Wir geben einmalig Ihren Vereinsbeitritt sowie Tod bei der Jahreshauptversammlung m\u00fcndlich bekannt. Bei Vorstandsmitgliedern und Arbeitskreisleitern\/innen k\u00f6nnen neben der Anschrift auch die Telefonnummern in den Vereinsprogrammen aufgef\u00fchrt werden. In die Mitgliederliste k\u00f6nnen nur Vorstandsmitglieder aufgabenbezogen Einblick nehmen. Die Teilnahme an Gruppenfotos erfolgt freiwillig, darin eingeschlossen ist die Nutzung f\u00fcr Vereinszwecke.<\/p>\n\n\n\n<ul class=\"wp-block-list\">\n<li>Speicherdauer<\/li>\n<\/ul>\n\n\n\n<p>Ihre Daten werden mit\nK\u00fcndigung\/Austritt oder bei Tod unverz\u00fcglich gel\u00f6scht. Lediglich eine Kopie der\nSpendenbescheinigung wird gem\u00e4\u00df steuerrechtlichen Vorschriften aufbewahrt.<\/p>\n\n\n\n<ul class=\"wp-block-list\">\n<li>Betroffenenrechte<br>nach den Artikeln 15, 16, 17, 18, 21 DS-GVO<\/li>\n<\/ul>\n\n\n\n<p>Sie haben ein Auskunfts-,\nBerichtigungs-, L\u00f6schungsrecht bez\u00fcglich Ihrer Daten. Ebenso steht Ihnen das\nRecht zu, die Verarbeitung Ihrer Daten zu beschr\u00e4nken oder der Verarbeitung zu\nwidersprechen.<\/p>\n\n\n\n<ul class=\"wp-block-list\">\n<li>Recht auf<br>Daten\u00fcbertragbarkeit nach Artikel 20 DS-GVO<\/li>\n<\/ul>\n\n\n\n<p>Sie haben das Recht, Daten,\ndie wir zur Verwaltung Ihrer Mitgliedschaft automatisiert verarbeiten, an sich\noder an einen Dritten in einem g\u00e4ngigen, maschinenlesbaren Format aush\u00e4ndigen\nzu lassen.<\/p>\n\n\n\n<ul class=\"wp-block-list\">\n<li>Beschwerderecht<br>bei der zust\u00e4ndigen Aufsichtsbeh\u00f6rde nach Artikel 77 DS-GVO<\/li>\n<\/ul>\n\n\n\n<p>Im\nFalle datenschutzrechtlicher Verst\u00f6\u00dfe steht Ihnen ein Beschwerderecht bei der\nzust\u00e4ndigen Datenschutz-Aufsichtsbeh\u00f6rde zu. <\/p>\n\n\n\n<p>Gie\u00dfen, im Dezember 2018<\/p>\n","protected":false},"excerpt":{"rendered":"<p>Gem\u00e4\u00df Artikel 13 Abs. 1 und Abs. 2 der Datenschutzgrundverordnung (DS-GVO) weisen wir Sie auf folgendes hin: Die Rechtsgrundlage f\u00fcr die Verarbeitung Ihrer Daten ist Art. 6 Abs. lit. b)DS-GVO. Wir erheben Ihre personenbezogenen Daten grunds\u00e4tzlich im Rahmen des Erwerbs der Mitgliedschaft und speichern und verarbeiten Ihre Daten nur f\u00fcr Vereinszwecke: Wir geben Ihre Daten &hellip; <\/p>\n<p class=\"link-more\"><a href=\"http:\/\/frau-und-kultur-giessen.w4f.eu\/wordpress\/datenschutzerklaerung\/\" class=\"more-link\"><span class=\"screen-reader-text\">\u201eDatenschutzerkl\u00e4rung\u201c <\/span>weiterlesen<\/a><\/p>\n","protected":false},"author":1,"featured_media":0,"parent":0,"menu_order":0,"comment_status":"closed","ping_status":"closed","template":"","meta":{"footnotes":""},"class_list":["post-211","page","type-page","status-publish","hentry"],"yoast_head":"<!-- This site is optimized with the Yoast SEO plugin v27.4 - https:\/\/yoast.com\/product\/yoast-seo-wordpress\/ -->\n<title>Datenschutzerkl\u00e4rung | Frau und Kultur<\/title>\n<meta name=\"description\" content=\"Frau und Kultur Gruppe Gie\u00dfen\" \/>\n<meta name=\"robots\" content=\"index, follow, max-snippet:-1, max-image-preview:large, max-video-preview:-1\" \/>\n<link rel=\"canonical\" href=\"http:\/\/frau-und-kultur-giessen.w4f.eu\/wordpress\/datenschutzerklaerung\/\" \/>\n<meta property=\"og:locale\" content=\"de_DE\" \/>\n<meta property=\"og:type\" content=\"article\" \/>\n<meta property=\"og:title\" content=\"Datenschutzerkl\u00e4rung | Frau und Kultur\" \/>\n<meta property=\"og:description\" content=\"Frau und Kultur Gruppe Gie\u00dfen\" \/>\n<meta property=\"og:url\" content=\"http:\/\/frau-und-kultur-giessen.w4f.eu\/wordpress\/datenschutzerklaerung\/\" \/>\n<meta property=\"og:site_name\" content=\"Frau und Kultur\" \/>\n<meta property=\"article:modified_time\" content=\"2025-02-09T15:48:09+00:00\" \/>\n<meta property=\"og:image\" content=\"http:\/\/frau-und-kultur-giessen.w4f.eu\/wordpress\/wp-content\/uploads\/2024\/06\/grafik-1.png\" \/>\n\t<meta property=\"og:image:width\" content=\"142\" \/>\n\t<meta property=\"og:image:height\" content=\"84\" \/>\n\t<meta property=\"og:image:type\" content=\"image\/png\" \/>\n<meta name=\"twitter:card\" content=\"summary_large_image\" \/>\n<meta name=\"twitter:label1\" content=\"Gesch\u00e4tzte Lesezeit\" \/>\n\t<meta name=\"twitter:data1\" content=\"3\u00a0Minuten\" \/>\n<script type=\"application\/ld+json\" class=\"yoast-schema-graph\">{\"@context\":\"https:\\\/\\\/schema.org\",\"@graph\":[{\"@type\":\"WebPage\",\"@id\":\"http:\\\/\\\/frau-und-kultur-giessen.w4f.eu\\\/wordpress\\\/datenschutzerklaerung\\\/\",\"url\":\"http:\\\/\\\/frau-und-kultur-giessen.w4f.eu\\\/wordpress\\\/datenschutzerklaerung\\\/\",\"name\":\"Datenschutzerkl\u00e4rung | Frau und Kultur\",\"isPartOf\":{\"@id\":\"http:\\\/\\\/frau-und-kultur-giessen.w4f.eu\\\/wordpress\\\/#website\"},\"primaryImageOfPage\":{\"@id\":\"http:\\\/\\\/frau-und-kultur-giessen.w4f.eu\\\/wordpress\\\/datenschutzerklaerung\\\/#primaryimage\"},\"image\":{\"@id\":\"http:\\\/\\\/frau-und-kultur-giessen.w4f.eu\\\/wordpress\\\/datenschutzerklaerung\\\/#primaryimage\"},\"thumbnailUrl\":\"http:\\\/\\\/frau-und-kultur-giessen.w4f.eu\\\/wordpress\\\/wp-content\\\/uploads\\\/2024\\\/06\\\/grafik-1.png\",\"datePublished\":\"2019-11-05T12:02:04+00:00\",\"dateModified\":\"2025-02-09T15:48:09+00:00\",\"description\":\"Frau und Kultur Gruppe Gie\u00dfen\",\"breadcrumb\":{\"@id\":\"http:\\\/\\\/frau-und-kultur-giessen.w4f.eu\\\/wordpress\\\/datenschutzerklaerung\\\/#breadcrumb\"},\"inLanguage\":\"de\",\"potentialAction\":[{\"@type\":\"ReadAction\",\"target\":[\"http:\\\/\\\/frau-und-kultur-giessen.w4f.eu\\\/wordpress\\\/datenschutzerklaerung\\\/\"]}]},{\"@type\":\"ImageObject\",\"inLanguage\":\"de\",\"@id\":\"http:\\\/\\\/frau-und-kultur-giessen.w4f.eu\\\/wordpress\\\/datenschutzerklaerung\\\/#primaryimage\",\"url\":\"http:\\\/\\\/frau-und-kultur-giessen.w4f.eu\\\/wordpress\\\/wp-content\\\/uploads\\\/2024\\\/06\\\/grafik-1.png\",\"contentUrl\":\"http:\\\/\\\/frau-und-kultur-giessen.w4f.eu\\\/wordpress\\\/wp-content\\\/uploads\\\/2024\\\/06\\\/grafik-1.png\",\"width\":142,\"height\":84,\"caption\":\"Mitglied kann jede Person werden, seit 2018 somit auch jeder Mann, die die wichtigsten Ziele des Verbandes anerkennt und unterst\u00fctzt.\"},{\"@type\":\"BreadcrumbList\",\"@id\":\"http:\\\/\\\/frau-und-kultur-giessen.w4f.eu\\\/wordpress\\\/datenschutzerklaerung\\\/#breadcrumb\",\"itemListElement\":[{\"@type\":\"ListItem\",\"position\":1,\"name\":\"Startseite\",\"item\":\"http:\\\/\\\/frau-und-kultur-giessen.w4f.eu\\\/wordpress\\\/\"},{\"@type\":\"ListItem\",\"position\":2,\"name\":\"Datenschutzerkl\u00e4rung\"}]},{\"@type\":\"WebSite\",\"@id\":\"http:\\\/\\\/frau-und-kultur-giessen.w4f.eu\\\/wordpress\\\/#website\",\"url\":\"http:\\\/\\\/frau-und-kultur-giessen.w4f.eu\\\/wordpress\\\/\",\"name\":\"Deutscher Verband Frau und Kultur\",\"description\":\"Gruppe Gie\u00dfen e.V.\",\"publisher\":{\"@id\":\"http:\\\/\\\/frau-und-kultur-giessen.w4f.eu\\\/wordpress\\\/#organization\"},\"potentialAction\":[{\"@type\":\"SearchAction\",\"target\":{\"@type\":\"EntryPoint\",\"urlTemplate\":\"http:\\\/\\\/frau-und-kultur-giessen.w4f.eu\\\/wordpress\\\/?s={search_term_string}\"},\"query-input\":{\"@type\":\"PropertyValueSpecification\",\"valueRequired\":true,\"valueName\":\"search_term_string\"}}],\"inLanguage\":\"de\"},{\"@type\":\"Organization\",\"@id\":\"http:\\\/\\\/frau-und-kultur-giessen.w4f.eu\\\/wordpress\\\/#organization\",\"name\":\"Frau und Kultur Gie\u00dfen\",\"url\":\"http:\\\/\\\/frau-und-kultur-giessen.w4f.eu\\\/wordpress\\\/\",\"logo\":{\"@type\":\"ImageObject\",\"inLanguage\":\"de\",\"@id\":\"http:\\\/\\\/frau-und-kultur-giessen.w4f.eu\\\/wordpress\\\/#\\\/schema\\\/logo\\\/image\\\/\",\"url\":\"\",\"contentUrl\":\"\",\"caption\":\"Frau und Kultur Gie\u00dfen\"},\"image\":{\"@id\":\"http:\\\/\\\/frau-und-kultur-giessen.w4f.eu\\\/wordpress\\\/#\\\/schema\\\/logo\\\/image\\\/\"}}]}<\/script>\n<!-- \/ Yoast SEO plugin. -->","yoast_head_json":{"title":"Datenschutzerkl\u00e4rung | Frau und Kultur","description":"Frau und Kultur Gruppe Gie\u00dfen","robots":{"index":"index","follow":"follow","max-snippet":"max-snippet:-1","max-image-preview":"max-image-preview:large","max-video-preview":"max-video-preview:-1"},"canonical":"http:\/\/frau-und-kultur-giessen.w4f.eu\/wordpress\/datenschutzerklaerung\/","og_locale":"de_DE","og_type":"article","og_title":"Datenschutzerkl\u00e4rung | Frau und Kultur","og_description":"Frau und Kultur Gruppe Gie\u00dfen","og_url":"http:\/\/frau-und-kultur-giessen.w4f.eu\/wordpress\/datenschutzerklaerung\/","og_site_name":"Frau und Kultur","article_modified_time":"2025-02-09T15:48:09+00:00","og_image":[{"width":142,"height":84,"url":"http:\/\/frau-und-kultur-giessen.w4f.eu\/wordpress\/wp-content\/uploads\/2024\/06\/grafik-1.png","type":"image\/png"}],"twitter_card":"summary_large_image","twitter_misc":{"Gesch\u00e4tzte Lesezeit":"3\u00a0Minuten"},"schema":{"@context":"https:\/\/schema.org","@graph":[{"@type":"WebPage","@id":"http:\/\/frau-und-kultur-giessen.w4f.eu\/wordpress\/datenschutzerklaerung\/","url":"http:\/\/frau-und-kultur-giessen.w4f.eu\/wordpress\/datenschutzerklaerung\/","name":"Datenschutzerkl\u00e4rung | Frau und Kultur","isPartOf":{"@id":"http:\/\/frau-und-kultur-giessen.w4f.eu\/wordpress\/#website"},"primaryImageOfPage":{"@id":"http:\/\/frau-und-kultur-giessen.w4f.eu\/wordpress\/datenschutzerklaerung\/#primaryimage"},"image":{"@id":"http:\/\/frau-und-kultur-giessen.w4f.eu\/wordpress\/datenschutzerklaerung\/#primaryimage"},"thumbnailUrl":"http:\/\/frau-und-kultur-giessen.w4f.eu\/wordpress\/wp-content\/uploads\/2024\/06\/grafik-1.png","datePublished":"2019-11-05T12:02:04+00:00","dateModified":"2025-02-09T15:48:09+00:00","description":"Frau und Kultur Gruppe Gie\u00dfen","breadcrumb":{"@id":"http:\/\/frau-und-kultur-giessen.w4f.eu\/wordpress\/datenschutzerklaerung\/#breadcrumb"},"inLanguage":"de","potentialAction":[{"@type":"ReadAction","target":["http:\/\/frau-und-kultur-giessen.w4f.eu\/wordpress\/datenschutzerklaerung\/"]}]},{"@type":"ImageObject","inLanguage":"de","@id":"http:\/\/frau-und-kultur-giessen.w4f.eu\/wordpress\/datenschutzerklaerung\/#primaryimage","url":"http:\/\/frau-und-kultur-giessen.w4f.eu\/wordpress\/wp-content\/uploads\/2024\/06\/grafik-1.png","contentUrl":"http:\/\/frau-und-kultur-giessen.w4f.eu\/wordpress\/wp-content\/uploads\/2024\/06\/grafik-1.png","width":142,"height":84,"caption":"Mitglied kann jede Person werden, seit 2018 somit auch jeder Mann, die die wichtigsten Ziele des Verbandes anerkennt und unterst\u00fctzt."},{"@type":"BreadcrumbList","@id":"http:\/\/frau-und-kultur-giessen.w4f.eu\/wordpress\/datenschutzerklaerung\/#breadcrumb","itemListElement":[{"@type":"ListItem","position":1,"name":"Startseite","item":"http:\/\/frau-und-kultur-giessen.w4f.eu\/wordpress\/"},{"@type":"ListItem","position":2,"name":"Datenschutzerkl\u00e4rung"}]},{"@type":"WebSite","@id":"http:\/\/frau-und-kultur-giessen.w4f.eu\/wordpress\/#website","url":"http:\/\/frau-und-kultur-giessen.w4f.eu\/wordpress\/","name":"Deutscher Verband Frau und Kultur","description":"Gruppe Gie\u00dfen e.V.","publisher":{"@id":"http:\/\/frau-und-kultur-giessen.w4f.eu\/wordpress\/#organization"},"potentialAction":[{"@type":"SearchAction","target":{"@type":"EntryPoint","urlTemplate":"http:\/\/frau-und-kultur-giessen.w4f.eu\/wordpress\/?s={search_term_string}"},"query-input":{"@type":"PropertyValueSpecification","valueRequired":true,"valueName":"search_term_string"}}],"inLanguage":"de"},{"@type":"Organization","@id":"http:\/\/frau-und-kultur-giessen.w4f.eu\/wordpress\/#organization","name":"Frau und Kultur Gie\u00dfen","url":"http:\/\/frau-und-kultur-giessen.w4f.eu\/wordpress\/","logo":{"@type":"ImageObject","inLanguage":"de","@id":"http:\/\/frau-und-kultur-giessen.w4f.eu\/wordpress\/#\/schema\/logo\/image\/","url":"","contentUrl":"","caption":"Frau und Kultur Gie\u00dfen"},"image":{"@id":"http:\/\/frau-und-kultur-giessen.w4f.eu\/wordpress\/#\/schema\/logo\/image\/"}}]}},"_links":{"self":[{"href":"http:\/\/frau-und-kultur-giessen.w4f.eu\/wordpress\/wp-json\/wp\/v2\/pages\/211","targetHints":{"allow":["GET"]}}],"collection":[{"href":"http:\/\/frau-und-kultur-giessen.w4f.eu\/wordpress\/wp-json\/wp\/v2\/pages"}],"about":[{"href":"http:\/\/frau-und-kultur-giessen.w4f.eu\/wordpress\/wp-json\/wp\/v2\/types\/page"}],"author":[{"embeddable":true,"href":"http:\/\/frau-und-kultur-giessen.w4f.eu\/wordpress\/wp-json\/wp\/v2\/users\/1"}],"replies":[{"embeddable":true,"href":"http:\/\/frau-und-kultur-giessen.w4f.eu\/wordpress\/wp-json\/wp\/v2\/comments?post=211"}],"version-history":[{"count":8,"href":"http:\/\/frau-und-kultur-giessen.w4f.eu\/wordpress\/wp-json\/wp\/v2\/pages\/211\/revisions"}],"predecessor-version":[{"id":4189,"href":"http:\/\/frau-und-kultur-giessen.w4f.eu\/wordpress\/wp-json\/wp\/v2\/pages\/211\/revisions\/4189"}],"wp:attachment":[{"href":"http:\/\/frau-und-kultur-giessen.w4f.eu\/wordpress\/wp-json\/wp\/v2\/media?parent=211"}],"curies":[{"name":"wp","href":"https:\/\/api.w.org\/{rel}","templated":true}]}}