{"id":101,"date":"2019-05-26T20:10:58","date_gmt":"2019-05-26T18:10:58","guid":{"rendered":"http:\/\/kulturfrau.w4f.eu\/wp1\/?page_id=101"},"modified":"2025-12-03T16:15:10","modified_gmt":"2025-12-03T15:15:10","slug":"termine-unserer-arbeitskreise","status":"publish","type":"page","link":"http:\/\/frau-und-kultur-giessen.w4f.eu\/wordpress\/unser-programm\/termine-unserer-arbeitskreise\/","title":{"rendered":"Unsere Arbeitskreise"},"content":{"rendered":"\n<div class=\"wp-block-media-text alignwide\" style=\"grid-template-columns:17% auto\"><figure class=\"wp-block-media-text__media\"><img loading=\"lazy\" decoding=\"async\" width=\"142\" height=\"84\" src=\"http:\/\/frau-und-kultur-giessen.w4f.eu\/wordpress\/wp-content\/uploads\/2024\/06\/grafik-1.png\" alt=\"\" class=\"wp-image-3864 size-full\"\/><\/figure><div class=\"wp-block-media-text__content\">\n<p class=\"has-normal-font-size\"><strong>Zur Zeit bieten wir unseren Mitgliedern zwei Arbeitskreise an, in denen spezielle Themen n\u00e4her behandelt werden:<\/strong><\/p>\n<\/div><\/div>\n\n\n\n<ul class=\"wp-block-list\">\n<li>Kunstbetrachtung<\/li>\n\n\n\n<li>Literatur<\/li>\n<\/ul>\n\n\n\n<p><\/p>\n\n\n\n<p>F\u00fcr die Teilnahme wird eine zus\u00e4tzliche Geb\u00fchr erhoben.<\/p>\n\n\n\n<p>Die Themenwahl erfolgt \u00fcberwiegend durch die Leiterin des jeweiligen Arbeitskreises in Absprache mit den Teilnehmern. Bei weiteren Fragen stehen diese gerne zu Ihrer Verf\u00fcgung.<\/p>\n\n\n\n<figure class=\"wp-block-table is-style-stripes\"><table><tbody><tr><td> <strong>Kunstbetrachtung&nbsp;&nbsp;&nbsp;&nbsp;&nbsp;&nbsp;<\/strong> <\/td><td><\/td><\/tr><tr><td> Referentin: <\/td><td>Oda Peter<\/td><\/tr><tr><td>Thema:<\/td><td>Malerei der Donauschule<\/td><\/tr><tr><td> Leiterin des Arbeitskreises :<\/td><td>Brigitte Sekula <br>06403-74851<\/td><\/tr><tr><td> Ort und Zeit:  <\/td><td>Netanya-Saal im Alten Schloss<br>montags  10:00\u00a0 &#8211; 11:45 Uhr<\/td><\/tr><tr><td><strong>Termine:                                         <\/strong><\/td><td><mark style=\"background-color:rgba(0, 0, 0, 0)\" class=\"has-inline-color has-black-color\">&nbsp;<\/mark><strong> <\/strong><br><strong>16.03.2026<\/strong><br><strong>23.03.2026<\/strong><br><strong>13.04.2026<\/strong><br><strong>20.04.2026<br>04.05.2026<br>11.05.2026<br>18.05.2026<\/strong><br><\/td><\/tr><tr><td><\/td><td><\/td><\/tr><tr><td><\/td><td><\/td><\/tr><tr><td><strong>Literatur<\/strong><\/td><td><\/td><\/tr><tr><td> Leiterin des Arbeitskreises <\/td><td>Annemarie Neitzel<br>Tel.   0641 \/ 5 18 21  <\/td><\/tr><tr><td> Ort und Zeit:&nbsp;&nbsp; <\/td><td>Ev. Familienbildungsst\u00e4tte, Wingert 18&nbsp; <br>mittwochs von 15:00 &#8211; 16:30 Uhr&nbsp;<\/td><\/tr><tr><td> <strong>Termine<\/strong>:                      <\/td><td><mark style=\"background-color:rgba(0, 0, 0, 0)\" class=\"has-inline-color has-black-color\"><strong><br><\/strong><\/mark><\/td><\/tr><tr><td><\/td><td><\/td><\/tr><tr><td><\/td><td><\/td><\/tr><\/tbody><\/table><\/figure>\n\n\n\n<p>&nbsp;&nbsp;&nbsp;&nbsp;&nbsp;&nbsp;&nbsp;&nbsp;&nbsp;&nbsp;&nbsp;&nbsp;&nbsp;&nbsp; &nbsp;&nbsp;&nbsp;&nbsp;&nbsp;&nbsp;&nbsp;&nbsp;&nbsp;&nbsp;&nbsp; <\/p>\n\n\n\n<p>&nbsp;&nbsp;&nbsp;&nbsp;&nbsp;&nbsp;&nbsp;&nbsp;&nbsp;&nbsp;&nbsp;&nbsp;&nbsp;&nbsp;&nbsp;&nbsp;&nbsp;&nbsp;&nbsp;&nbsp;&nbsp;&nbsp;&nbsp;&nbsp;&nbsp; &nbsp;&nbsp;&nbsp;&nbsp;&nbsp;&nbsp;&nbsp;&nbsp;&nbsp;&nbsp;&nbsp; <\/p>\n\n\n\n<p><\/p>\n\n\n\n<p><strong>&nbsp;&nbsp;&nbsp;&nbsp;&nbsp;&nbsp;&nbsp;&nbsp;&nbsp;&nbsp;&nbsp;&nbsp;&nbsp;&nbsp;&nbsp;&nbsp;&nbsp;&nbsp;&nbsp;&nbsp;&nbsp;&nbsp;&nbsp; <\/strong><\/p>\n\n\n\n<p><strong>&nbsp;&nbsp;&nbsp;&nbsp; &nbsp;&nbsp;&nbsp;&nbsp;&nbsp;&nbsp;&nbsp;&nbsp;&nbsp;&nbsp;&nbsp;&nbsp;&nbsp;&nbsp;&nbsp;&nbsp;&nbsp;&nbsp;&nbsp;&nbsp;&nbsp;&nbsp;&nbsp;&nbsp;&nbsp;&nbsp;&nbsp;&nbsp;&nbsp;&nbsp;&nbsp;&nbsp;&nbsp;&nbsp;&nbsp;&nbsp;&nbsp;&nbsp;&nbsp;&nbsp;&nbsp;&nbsp;&nbsp;&nbsp;&nbsp;&nbsp; &nbsp;&nbsp;&nbsp;&nbsp;&nbsp;&nbsp;&nbsp;&nbsp;&nbsp;&nbsp;&nbsp; <\/strong><\/p>\n\n\n\n<p>&nbsp;&nbsp;&nbsp;&nbsp;&nbsp;&nbsp;&nbsp;&nbsp;&nbsp;&nbsp;&nbsp;&nbsp;&nbsp;&nbsp;&nbsp;&nbsp;&nbsp;&nbsp;&nbsp;&nbsp;&nbsp;&nbsp;&nbsp;&nbsp; &nbsp;&nbsp;&nbsp;&nbsp;&nbsp;&nbsp;&nbsp;&nbsp;&nbsp;&nbsp;&nbsp;<\/p>\n\n\n\n<p><strong>&nbsp;&nbsp;&nbsp;&nbsp;&nbsp;&nbsp;&nbsp;&nbsp;&nbsp;&nbsp;&nbsp;&nbsp;&nbsp;&nbsp;&nbsp;&nbsp;&nbsp;&nbsp;&nbsp;&nbsp;&nbsp;&nbsp;&nbsp;&nbsp;&nbsp;&nbsp;&nbsp;&nbsp;&nbsp;&nbsp;&nbsp;&nbsp;&nbsp;&nbsp;&nbsp;&nbsp;&nbsp;&nbsp;&nbsp;&nbsp;&nbsp;&nbsp;&nbsp;&nbsp;&nbsp;&nbsp;&nbsp;&nbsp;&nbsp;&nbsp;&nbsp;&nbsp;&nbsp;&nbsp;&nbsp;&nbsp;&nbsp;&nbsp;&nbsp;&nbsp;&nbsp;&nbsp; &nbsp;&nbsp;&nbsp;&nbsp;&nbsp;&nbsp;&nbsp;&nbsp;&nbsp;&nbsp;&nbsp; <\/strong><\/p>\n\n\n\n<p>&nbsp;&nbsp;&nbsp;&nbsp;&nbsp;&nbsp;&nbsp;&nbsp;&nbsp;&nbsp;&nbsp;&nbsp;&nbsp;&nbsp;&nbsp;&nbsp;&nbsp;&nbsp;&nbsp;&nbsp;&nbsp;&nbsp;&nbsp;&nbsp;&nbsp;&nbsp;&nbsp;&nbsp; &nbsp;&nbsp;&nbsp;&nbsp;&nbsp;&nbsp;&nbsp;&nbsp;&nbsp;&nbsp;&nbsp; , <\/p>\n\n\n\n<p>&nbsp;&nbsp;&nbsp;&nbsp;&nbsp;&nbsp;&nbsp;&nbsp;&nbsp;&nbsp;&nbsp;&nbsp;&nbsp;&nbsp;&nbsp;&nbsp;&nbsp;&nbsp;&nbsp;&nbsp;&nbsp;&nbsp;&nbsp;&nbsp; &nbsp;&nbsp;&nbsp;&nbsp;&nbsp;&nbsp;&nbsp;&nbsp;&nbsp;&nbsp;&nbsp; <\/p>\n\n\n\n<p><strong>&nbsp;&nbsp;&nbsp;&nbsp;&nbsp;&nbsp; &nbsp;&nbsp;&nbsp;&nbsp;&nbsp;&nbsp;&nbsp;&nbsp;&nbsp;&nbsp;&nbsp;&nbsp;&nbsp;&nbsp;&nbsp;&nbsp;&nbsp;&nbsp;&nbsp;&nbsp;&nbsp;&nbsp;&nbsp;&nbsp;&nbsp;&nbsp;&nbsp;&nbsp;&nbsp;&nbsp;&nbsp;&nbsp;&nbsp;&nbsp;  <\/strong><\/p>\n","protected":false},"excerpt":{"rendered":"<p>Zur Zeit bieten wir unseren Mitgliedern zwei Arbeitskreise an, in denen spezielle Themen n\u00e4her behandelt werden: F\u00fcr die Teilnahme wird eine zus\u00e4tzliche Geb\u00fchr erhoben. Die Themenwahl erfolgt \u00fcberwiegend durch die Leiterin des jeweiligen Arbeitskreises in Absprache mit den Teilnehmern. Bei weiteren Fragen stehen diese gerne zu Ihrer Verf\u00fcgung. Kunstbetrachtung&nbsp;&nbsp;&nbsp;&nbsp;&nbsp;&nbsp; Referentin: Oda Peter Thema: Malerei der &hellip; <\/p>\n<p class=\"link-more\"><a href=\"http:\/\/frau-und-kultur-giessen.w4f.eu\/wordpress\/unser-programm\/termine-unserer-arbeitskreise\/\" class=\"more-link\"><span class=\"screen-reader-text\">\u201eUnsere Arbeitskreise\u201c <\/span>weiterlesen<\/a><\/p>\n","protected":false},"author":1,"featured_media":0,"parent":32,"menu_order":0,"comment_status":"closed","ping_status":"closed","template":"","meta":{"footnotes":""},"class_list":["post-101","page","type-page","status-publish","hentry"],"yoast_head":"<!-- This site is optimized with the Yoast SEO plugin v27.3 - https:\/\/yoast.com\/product\/yoast-seo-wordpress\/ -->\n<title>Unsere Arbeitskreise | Frau und Kultur<\/title>\n<meta name=\"description\" content=\"Frau und Kultur Gruppe Gie\u00dfen\" \/>\n<meta name=\"robots\" content=\"index, follow, max-snippet:-1, max-image-preview:large, max-video-preview:-1\" \/>\n<link rel=\"canonical\" href=\"http:\/\/frau-und-kultur-giessen.w4f.eu\/wordpress\/unser-programm\/termine-unserer-arbeitskreise\/\" \/>\n<meta property=\"og:locale\" content=\"de_DE\" \/>\n<meta property=\"og:type\" content=\"article\" \/>\n<meta property=\"og:title\" content=\"Unsere Arbeitskreise | Frau und Kultur\" \/>\n<meta property=\"og:description\" content=\"Frau und Kultur Gruppe Gie\u00dfen\" \/>\n<meta property=\"og:url\" content=\"http:\/\/frau-und-kultur-giessen.w4f.eu\/wordpress\/unser-programm\/termine-unserer-arbeitskreise\/\" \/>\n<meta property=\"og:site_name\" content=\"Frau und Kultur\" \/>\n<meta property=\"article:modified_time\" content=\"2025-12-03T15:15:10+00:00\" \/>\n<meta property=\"og:image\" content=\"http:\/\/frau-und-kultur-giessen.w4f.eu\/wordpress\/wp-content\/uploads\/2024\/06\/grafik-1.png\" \/>\n\t<meta property=\"og:image:width\" content=\"142\" \/>\n\t<meta property=\"og:image:height\" content=\"84\" \/>\n\t<meta property=\"og:image:type\" content=\"image\/png\" \/>\n<meta name=\"twitter:card\" content=\"summary_large_image\" \/>\n<meta name=\"twitter:label1\" content=\"Gesch\u00e4tzte Lesezeit\" \/>\n\t<meta name=\"twitter:data1\" content=\"1\u00a0Minute\" \/>\n<script type=\"application\/ld+json\" class=\"yoast-schema-graph\">{\"@context\":\"https:\\\/\\\/schema.org\",\"@graph\":[{\"@type\":\"WebPage\",\"@id\":\"http:\\\/\\\/frau-und-kultur-giessen.w4f.eu\\\/wordpress\\\/unser-programm\\\/termine-unserer-arbeitskreise\\\/\",\"url\":\"http:\\\/\\\/frau-und-kultur-giessen.w4f.eu\\\/wordpress\\\/unser-programm\\\/termine-unserer-arbeitskreise\\\/\",\"name\":\"Unsere Arbeitskreise | Frau und Kultur\",\"isPartOf\":{\"@id\":\"http:\\\/\\\/frau-und-kultur-giessen.w4f.eu\\\/wordpress\\\/#website\"},\"primaryImageOfPage\":{\"@id\":\"http:\\\/\\\/frau-und-kultur-giessen.w4f.eu\\\/wordpress\\\/unser-programm\\\/termine-unserer-arbeitskreise\\\/#primaryimage\"},\"image\":{\"@id\":\"http:\\\/\\\/frau-und-kultur-giessen.w4f.eu\\\/wordpress\\\/unser-programm\\\/termine-unserer-arbeitskreise\\\/#primaryimage\"},\"thumbnailUrl\":\"http:\\\/\\\/frau-und-kultur-giessen.w4f.eu\\\/wordpress\\\/wp-content\\\/uploads\\\/2024\\\/06\\\/grafik-1.png\",\"datePublished\":\"2019-05-26T18:10:58+00:00\",\"dateModified\":\"2025-12-03T15:15:10+00:00\",\"description\":\"Frau und Kultur Gruppe Gie\u00dfen\",\"breadcrumb\":{\"@id\":\"http:\\\/\\\/frau-und-kultur-giessen.w4f.eu\\\/wordpress\\\/unser-programm\\\/termine-unserer-arbeitskreise\\\/#breadcrumb\"},\"inLanguage\":\"de\",\"potentialAction\":[{\"@type\":\"ReadAction\",\"target\":[\"http:\\\/\\\/frau-und-kultur-giessen.w4f.eu\\\/wordpress\\\/unser-programm\\\/termine-unserer-arbeitskreise\\\/\"]}]},{\"@type\":\"ImageObject\",\"inLanguage\":\"de\",\"@id\":\"http:\\\/\\\/frau-und-kultur-giessen.w4f.eu\\\/wordpress\\\/unser-programm\\\/termine-unserer-arbeitskreise\\\/#primaryimage\",\"url\":\"http:\\\/\\\/frau-und-kultur-giessen.w4f.eu\\\/wordpress\\\/wp-content\\\/uploads\\\/2024\\\/06\\\/grafik-1.png\",\"contentUrl\":\"http:\\\/\\\/frau-und-kultur-giessen.w4f.eu\\\/wordpress\\\/wp-content\\\/uploads\\\/2024\\\/06\\\/grafik-1.png\",\"width\":142,\"height\":84,\"caption\":\"Mitglied kann jede Person werden, seit 2018 somit auch jeder Mann, die die wichtigsten Ziele des Verbandes anerkennt und unterst\u00fctzt.\"},{\"@type\":\"BreadcrumbList\",\"@id\":\"http:\\\/\\\/frau-und-kultur-giessen.w4f.eu\\\/wordpress\\\/unser-programm\\\/termine-unserer-arbeitskreise\\\/#breadcrumb\",\"itemListElement\":[{\"@type\":\"ListItem\",\"position\":1,\"name\":\"Startseite\",\"item\":\"http:\\\/\\\/frau-und-kultur-giessen.w4f.eu\\\/wordpress\\\/\"},{\"@type\":\"ListItem\",\"position\":2,\"name\":\"Unser Programm\",\"item\":\"http:\\\/\\\/frau-und-kultur-giessen.w4f.eu\\\/wordpress\\\/unser-programm\\\/\"},{\"@type\":\"ListItem\",\"position\":3,\"name\":\"Unsere Arbeitskreise\"}]},{\"@type\":\"WebSite\",\"@id\":\"http:\\\/\\\/frau-und-kultur-giessen.w4f.eu\\\/wordpress\\\/#website\",\"url\":\"http:\\\/\\\/frau-und-kultur-giessen.w4f.eu\\\/wordpress\\\/\",\"name\":\"Deutscher Verband Frau und Kultur\",\"description\":\"Gruppe Gie\u00dfen e.V.\",\"publisher\":{\"@id\":\"http:\\\/\\\/frau-und-kultur-giessen.w4f.eu\\\/wordpress\\\/#organization\"},\"potentialAction\":[{\"@type\":\"SearchAction\",\"target\":{\"@type\":\"EntryPoint\",\"urlTemplate\":\"http:\\\/\\\/frau-und-kultur-giessen.w4f.eu\\\/wordpress\\\/?s={search_term_string}\"},\"query-input\":{\"@type\":\"PropertyValueSpecification\",\"valueRequired\":true,\"valueName\":\"search_term_string\"}}],\"inLanguage\":\"de\"},{\"@type\":\"Organization\",\"@id\":\"http:\\\/\\\/frau-und-kultur-giessen.w4f.eu\\\/wordpress\\\/#organization\",\"name\":\"Frau und Kultur Gie\u00dfen\",\"url\":\"http:\\\/\\\/frau-und-kultur-giessen.w4f.eu\\\/wordpress\\\/\",\"logo\":{\"@type\":\"ImageObject\",\"inLanguage\":\"de\",\"@id\":\"http:\\\/\\\/frau-und-kultur-giessen.w4f.eu\\\/wordpress\\\/#\\\/schema\\\/logo\\\/image\\\/\",\"url\":\"\",\"contentUrl\":\"\",\"caption\":\"Frau und Kultur Gie\u00dfen\"},\"image\":{\"@id\":\"http:\\\/\\\/frau-und-kultur-giessen.w4f.eu\\\/wordpress\\\/#\\\/schema\\\/logo\\\/image\\\/\"}}]}<\/script>\n<!-- \/ Yoast SEO plugin. -->","yoast_head_json":{"title":"Unsere Arbeitskreise | Frau und Kultur","description":"Frau und Kultur Gruppe Gie\u00dfen","robots":{"index":"index","follow":"follow","max-snippet":"max-snippet:-1","max-image-preview":"max-image-preview:large","max-video-preview":"max-video-preview:-1"},"canonical":"http:\/\/frau-und-kultur-giessen.w4f.eu\/wordpress\/unser-programm\/termine-unserer-arbeitskreise\/","og_locale":"de_DE","og_type":"article","og_title":"Unsere Arbeitskreise | Frau und Kultur","og_description":"Frau und Kultur Gruppe Gie\u00dfen","og_url":"http:\/\/frau-und-kultur-giessen.w4f.eu\/wordpress\/unser-programm\/termine-unserer-arbeitskreise\/","og_site_name":"Frau und Kultur","article_modified_time":"2025-12-03T15:15:10+00:00","og_image":[{"width":142,"height":84,"url":"http:\/\/frau-und-kultur-giessen.w4f.eu\/wordpress\/wp-content\/uploads\/2024\/06\/grafik-1.png","type":"image\/png"}],"twitter_card":"summary_large_image","twitter_misc":{"Gesch\u00e4tzte Lesezeit":"1\u00a0Minute"},"schema":{"@context":"https:\/\/schema.org","@graph":[{"@type":"WebPage","@id":"http:\/\/frau-und-kultur-giessen.w4f.eu\/wordpress\/unser-programm\/termine-unserer-arbeitskreise\/","url":"http:\/\/frau-und-kultur-giessen.w4f.eu\/wordpress\/unser-programm\/termine-unserer-arbeitskreise\/","name":"Unsere Arbeitskreise | Frau und Kultur","isPartOf":{"@id":"http:\/\/frau-und-kultur-giessen.w4f.eu\/wordpress\/#website"},"primaryImageOfPage":{"@id":"http:\/\/frau-und-kultur-giessen.w4f.eu\/wordpress\/unser-programm\/termine-unserer-arbeitskreise\/#primaryimage"},"image":{"@id":"http:\/\/frau-und-kultur-giessen.w4f.eu\/wordpress\/unser-programm\/termine-unserer-arbeitskreise\/#primaryimage"},"thumbnailUrl":"http:\/\/frau-und-kultur-giessen.w4f.eu\/wordpress\/wp-content\/uploads\/2024\/06\/grafik-1.png","datePublished":"2019-05-26T18:10:58+00:00","dateModified":"2025-12-03T15:15:10+00:00","description":"Frau und Kultur Gruppe Gie\u00dfen","breadcrumb":{"@id":"http:\/\/frau-und-kultur-giessen.w4f.eu\/wordpress\/unser-programm\/termine-unserer-arbeitskreise\/#breadcrumb"},"inLanguage":"de","potentialAction":[{"@type":"ReadAction","target":["http:\/\/frau-und-kultur-giessen.w4f.eu\/wordpress\/unser-programm\/termine-unserer-arbeitskreise\/"]}]},{"@type":"ImageObject","inLanguage":"de","@id":"http:\/\/frau-und-kultur-giessen.w4f.eu\/wordpress\/unser-programm\/termine-unserer-arbeitskreise\/#primaryimage","url":"http:\/\/frau-und-kultur-giessen.w4f.eu\/wordpress\/wp-content\/uploads\/2024\/06\/grafik-1.png","contentUrl":"http:\/\/frau-und-kultur-giessen.w4f.eu\/wordpress\/wp-content\/uploads\/2024\/06\/grafik-1.png","width":142,"height":84,"caption":"Mitglied kann jede Person werden, seit 2018 somit auch jeder Mann, die die wichtigsten Ziele des Verbandes anerkennt und unterst\u00fctzt."},{"@type":"BreadcrumbList","@id":"http:\/\/frau-und-kultur-giessen.w4f.eu\/wordpress\/unser-programm\/termine-unserer-arbeitskreise\/#breadcrumb","itemListElement":[{"@type":"ListItem","position":1,"name":"Startseite","item":"http:\/\/frau-und-kultur-giessen.w4f.eu\/wordpress\/"},{"@type":"ListItem","position":2,"name":"Unser Programm","item":"http:\/\/frau-und-kultur-giessen.w4f.eu\/wordpress\/unser-programm\/"},{"@type":"ListItem","position":3,"name":"Unsere Arbeitskreise"}]},{"@type":"WebSite","@id":"http:\/\/frau-und-kultur-giessen.w4f.eu\/wordpress\/#website","url":"http:\/\/frau-und-kultur-giessen.w4f.eu\/wordpress\/","name":"Deutscher Verband Frau und Kultur","description":"Gruppe Gie\u00dfen e.V.","publisher":{"@id":"http:\/\/frau-und-kultur-giessen.w4f.eu\/wordpress\/#organization"},"potentialAction":[{"@type":"SearchAction","target":{"@type":"EntryPoint","urlTemplate":"http:\/\/frau-und-kultur-giessen.w4f.eu\/wordpress\/?s={search_term_string}"},"query-input":{"@type":"PropertyValueSpecification","valueRequired":true,"valueName":"search_term_string"}}],"inLanguage":"de"},{"@type":"Organization","@id":"http:\/\/frau-und-kultur-giessen.w4f.eu\/wordpress\/#organization","name":"Frau und Kultur Gie\u00dfen","url":"http:\/\/frau-und-kultur-giessen.w4f.eu\/wordpress\/","logo":{"@type":"ImageObject","inLanguage":"de","@id":"http:\/\/frau-und-kultur-giessen.w4f.eu\/wordpress\/#\/schema\/logo\/image\/","url":"","contentUrl":"","caption":"Frau und Kultur Gie\u00dfen"},"image":{"@id":"http:\/\/frau-und-kultur-giessen.w4f.eu\/wordpress\/#\/schema\/logo\/image\/"}}]}},"_links":{"self":[{"href":"http:\/\/frau-und-kultur-giessen.w4f.eu\/wordpress\/wp-json\/wp\/v2\/pages\/101","targetHints":{"allow":["GET"]}}],"collection":[{"href":"http:\/\/frau-und-kultur-giessen.w4f.eu\/wordpress\/wp-json\/wp\/v2\/pages"}],"about":[{"href":"http:\/\/frau-und-kultur-giessen.w4f.eu\/wordpress\/wp-json\/wp\/v2\/types\/page"}],"author":[{"embeddable":true,"href":"http:\/\/frau-und-kultur-giessen.w4f.eu\/wordpress\/wp-json\/wp\/v2\/users\/1"}],"replies":[{"embeddable":true,"href":"http:\/\/frau-und-kultur-giessen.w4f.eu\/wordpress\/wp-json\/wp\/v2\/comments?post=101"}],"version-history":[{"count":85,"href":"http:\/\/frau-und-kultur-giessen.w4f.eu\/wordpress\/wp-json\/wp\/v2\/pages\/101\/revisions"}],"predecessor-version":[{"id":4386,"href":"http:\/\/frau-und-kultur-giessen.w4f.eu\/wordpress\/wp-json\/wp\/v2\/pages\/101\/revisions\/4386"}],"up":[{"embeddable":true,"href":"http:\/\/frau-und-kultur-giessen.w4f.eu\/wordpress\/wp-json\/wp\/v2\/pages\/32"}],"wp:attachment":[{"href":"http:\/\/frau-und-kultur-giessen.w4f.eu\/wordpress\/wp-json\/wp\/v2\/media?parent=101"}],"curies":[{"name":"wp","href":"https:\/\/api.w.org\/{rel}","templated":true}]}}